{"id":3765,"date":"2014-02-04T09:52:44","date_gmt":"2014-02-04T09:52:44","guid":{"rendered":"http:\/\/themeforest.unitedthemes.com\/wpversions\/brooklyn\/xml\/demo10\/?page_id=3765"},"modified":"2018-04-27T12:03:45","modified_gmt":"2018-04-27T10:03:45","slug":"ueber-uns","status":"publish","type":"page","link":"https:\/\/kabelzug.de\/index.php\/ueber-uns\/","title":{"rendered":"\u00dcber uns"},"content":{"rendered":"<style> #utbx_69ee6696d79d4 { background:#292929; } #utbx_69ee6696d79d4:hover { background: #265CFF; } #utbx_69ee6696d79d4:after { box-shadow: 0 0 0 4px #265CFF; } <\/style><div class=\"ut-service-icon-box ut-one-third \"><div class=\"ut-highlight-icon-wrap ut-highlight-icon-effect\"><a id=\"utbx_69ee6696d79d4\" data-id=\"utbx_69ee6696d79d4\" data-hovercolor=\"#265CFF\"  data-effect=\"fadeInUp\" class=\"ut-highlight-icon fa fa-info-circle ut-animate-element animated\" href=\"#\" target=\"_self\"><\/a><\/div><div class=\"ut-service-icon-box-content\"><h3>Seit 1994<\/h3><p> Unser Unternehmen steht seit\u00a0\u00fcber 20 Jahren f\u00fcr Qualit\u00e4t, \u00a0Zuverl\u00e4ssigkeit und Sicherheit. Wir stehen Ihnen gerne als Partner mit langj\u00e4hriger\u00a0Erfahrung f\u00fcr Ihr Projekt zur Verf\u00fcgung. <\/p><\/div><\/div>\n<style> #utbx_69ee6696d79e8 { background:#292929; } #utbx_69ee6696d79e8:hover { background: #265CFF; } #utbx_69ee6696d79e8:after { box-shadow: 0 0 0 4px #265CFF; } <\/style><div class=\"ut-service-icon-box ut-one-third \"><div class=\"ut-highlight-icon-wrap ut-highlight-icon-effect\"><a id=\"utbx_69ee6696d79e8\" data-id=\"utbx_69ee6696d79e8\" data-hovercolor=\"#265CFF\"  data-effect=\"fadeInUp\" class=\"ut-highlight-icon fa fa-star ut-animate-element animated\" href=\"#\" target=\"_self\"><\/a><\/div><div class=\"ut-service-icon-box-content\"><h3>Meisterbetrieb<\/h3><p> Von Grund auf mit hoher Qualit\u00e4t. Hochqualifizierte Mitarbeiter mit hohen\u00a0Anspr\u00fcchen an die Qualit\u00e4t Ihrer Arbeit sorgen f\u00fcr Ihre Zufriedenheit. <\/p><\/div><\/div>\n<style> #utbx_69ee6696d79f5 { background:#292929; } #utbx_69ee6696d79f5:hover { background: #265CFF; } #utbx_69ee6696d79f5:after { box-shadow: 0 0 0 4px #265CFF; } <\/style><div class=\"ut-service-icon-box ut-one-third ut-column-last\"><div class=\"ut-highlight-icon-wrap ut-highlight-icon-effect\"><a id=\"utbx_69ee6696d79f5\" data-id=\"utbx_69ee6696d79f5\" data-hovercolor=\"#265CFF\"  data-effect=\"fadeInUp\" class=\"ut-highlight-icon fa  fa-globe ut-animate-element animated\" href=\"#\" target=\"_self\"><\/a><\/div><div class=\"ut-service-icon-box-content\"><h3>Regional, \u00dcberregional &amp; International<\/h3><p> Unsere Firma hat Ihren Sitz in Ulm in S\u00fcddeutschland. Jedoch arbeiten wir auch f\u00fcr internationale Kunden und freuen uns auf Ihre Anfragen. <\/p><\/div><\/div>\n","protected":false},"excerpt":{"rendered":"","protected":false},"author":4,"featured_media":0,"parent":0,"menu_order":0,"comment_status":"open","ping_status":"open","template":"","meta":[],"_links":{"self":[{"href":"https:\/\/kabelzug.de\/index.php\/wp-json\/wp\/v2\/pages\/3765"}],"collection":[{"href":"https:\/\/kabelzug.de\/index.php\/wp-json\/wp\/v2\/pages"}],"about":[{"href":"https:\/\/kabelzug.de\/index.php\/wp-json\/wp\/v2\/types\/page"}],"author":[{"embeddable":true,"href":"https:\/\/kabelzug.de\/index.php\/wp-json\/wp\/v2\/users\/4"}],"replies":[{"embeddable":true,"href":"https:\/\/kabelzug.de\/index.php\/wp-json\/wp\/v2\/comments?post=3765"}],"version-history":[{"count":14,"href":"https:\/\/kabelzug.de\/index.php\/wp-json\/wp\/v2\/pages\/3765\/revisions"}],"predecessor-version":[{"id":4901,"href":"https:\/\/kabelzug.de\/index.php\/wp-json\/wp\/v2\/pages\/3765\/revisions\/4901"}],"wp:attachment":[{"href":"https:\/\/kabelzug.de\/index.php\/wp-json\/wp\/v2\/media?parent=3765"}],"curies":[{"name":"wp","href":"https:\/\/api.w.org\/{rel}","templated":true}]}}